{"id":22977,"date":"2026-01-12T20:15:32","date_gmt":"2026-01-12T17:15:32","guid":{"rendered":"https:\/\/terrarecognita.com\/?post_type=product&#038;p=22977"},"modified":"2026-01-14T18:52:09","modified_gmt":"2026-01-14T15:52:09","slug":"crumplings-xxiii-copy","status":"publish","type":"product","link":"https:\/\/terrarecognita.com\/en\/product\/crumplings-xxiii-copy\/","title":{"rendered":"Cruplings XXXII"},"content":{"rendered":"","protected":false},"excerpt":{"rendered":"<p>Earrings are sold separately. The price is for one earring.<br \/>\nEvery earring has unique shape. Order may be sent within 1-3 days.<\/p>\n<p>Life sometimes \u201ccrumples\u201d. Failures at work, broken relationships, self-doubt, uncertainty \u2013 these are imperfect \u201cwrinkles\u201d that we have in our experiences. At those times everything seems difficult. It hurts. Good news is that is passes. Later, we realize that the \u201ccrumpled\u201d experience purified us, enriched us, opened us to change, thus turning our \u201ccrumpled\u201d experience into the highest quality silver.<\/p>\n<p>Silver (Ag) 925\u00b0<br \/>\nSize: ~ 3 cm<br \/>\nArtist Saulius Vaitiek\u016bnas<\/p>\n<p><strong>Electronic parduotuv\u0117je nurodyta b\u016btent \u0161io dirbinio kaina.<\/strong> Each earring has a unique form. We usually have more options of the earrings at the gallery. The price of the earrings may vary depending on the size, materials.<\/p>\n","protected":false},"featured_media":22984,"template":"","meta":[],"product_brand":[],"product_cat":[290],"product_tag":[553],"class_list":{"0":"post-22977","1":"product","2":"type-product","3":"status-publish","4":"has-post-thumbnail","6":"product_cat-earrings","7":"product_tag-crumplings","9":"first","10":"instock","11":"taxable","12":"shipping-taxable","13":"purchasable","14":"product-type-simple"},"acf":[],"_links":{"self":[{"href":"https:\/\/terrarecognita.com\/en\/wp-json\/wp\/v2\/product\/22977","targetHints":{"allow":["GET"]}}],"collection":[{"href":"https:\/\/terrarecognita.com\/en\/wp-json\/wp\/v2\/product"}],"about":[{"href":"https:\/\/terrarecognita.com\/en\/wp-json\/wp\/v2\/types\/product"}],"version-history":[{"count":2,"href":"https:\/\/terrarecognita.com\/en\/wp-json\/wp\/v2\/product\/22977\/revisions"}],"predecessor-version":[{"id":23108,"href":"https:\/\/terrarecognita.com\/en\/wp-json\/wp\/v2\/product\/22977\/revisions\/23108"}],"wp:featuredmedia":[{"embeddable":true,"href":"https:\/\/terrarecognita.com\/en\/wp-json\/wp\/v2\/media\/22984"}],"wp:attachment":[{"href":"https:\/\/terrarecognita.com\/en\/wp-json\/wp\/v2\/media?parent=22977"}],"wp:term":[{"taxonomy":"product_brand","embeddable":true,"href":"https:\/\/terrarecognita.com\/en\/wp-json\/wp\/v2\/product_brand?post=22977"},{"taxonomy":"product_cat","embeddable":true,"href":"https:\/\/terrarecognita.com\/en\/wp-json\/wp\/v2\/product_cat?post=22977"},{"taxonomy":"product_tag","embeddable":true,"href":"https:\/\/terrarecognita.com\/en\/wp-json\/wp\/v2\/product_tag?post=22977"}],"curies":[{"name":"wp","href":"https:\/\/api.w.org\/{rel}","templated":true}]}}